{"id":6,"date":"2012-05-16T20:10:22","date_gmt":"2012-05-16T20:10:22","guid":{"rendered":"http:\/\/lesnydworek.korzybie.pl\/?page_id=6"},"modified":"2014-02-19T11:51:34","modified_gmt":"2014-02-19T10:51:34","slug":"pokoje","status":"publish","type":"page","link":"http:\/\/lesnydworek.korzybie.pl\/de\/pokoje\/","title":{"rendered":"Zimmer"},"content":{"rendered":"<p><strong>Zimmer 1<\/strong><\/p>\n<p>Doppelzimmer mit antiken M\u00f6beln, mit zwei Fenstern mit Blick auf den Wald und einem Teich mit Steing\u00e4rten und eine Terrasse mit einem voll ausgestatteten Badezimmer und Sat-TV.<\/p>\n<p><strong>ngg_shortcode_4_placeholder<\/strong><\/p>\n<p><strong>Zimmer 2<\/strong><\/p>\n<p>Doppelzimmer mit antiken M\u00f6beln, mit einem Fenster mit Blick auf den Wald und Wiese, zusammen mit komplett ausgestattetes Bad und Sat-TV.<\/p>\n<p><strong>Zimmer 3<\/strong><\/p>\n<p>Doppelzimmer mit Doppelbett, mit antiken M\u00f6beln, mit einem Fenster mit Blick auf den Garten mit einer voll ausgestatteten, gro\u00dfes Bad mit Fenster und ein TV-satelitarn\u0105.Dwuosobowy Zimmer mit antiken M\u00f6beln, mit einem Fenster mit Blick auf den Wald und Wiese, zusammen mit komplett ausgestattetes Bad und Sat-TV.<\/p>\n<p><strong>ngg_shortcode_5_placeholder<\/strong><\/p>\n<p><strong>Zimmer 4<\/strong><\/p>\n<p>Dreibettzimmer mit Dachfenster stilvoll eingerichtete, voll ausgestattetes Badezimmer, TV und die M\u00f6glichkeit, ein Kinderbett legen.<\/p>\n<p><strong>ngg_shortcode_6_placeholder<\/strong><\/p>\n<p><strong>Zimmer 5<\/strong><\/p>\n<p>Vier stilvoll eingerichtete Zimmer mit Dachfenster, mit einer Toilette und Waschbecken, TV und der M\u00f6glichkeit, ein Kinderbett legen.<\/p>\n<p><strong>ngg_shortcode_7_placeholder<\/strong><\/p>","protected":false},"excerpt":{"rendered":"<p>Zimmer 1 Doppelzimmer mit antiken M\u00f6beln, mit zwei Fenstern mit Blick auf den Wald und einem Teich mit Steing\u00e4rten und eine Terrasse mit einem voll ausgestatteten Badezimmer und Sat-TV. Zimmer 2 Doppelzimmer mit antiken M\u00f6beln, mit einem Fenster mit Blick auf den Wald und Wiese, zusammen mit komplett ausgestattetes Bad und <a class=\"czytaj_dalej\" href=\"http:\/\/lesnydworek.korzybie.pl\/de\/pokoje\/\">Continue reading <span class=\"meta-nav\">&rarr;<\/span><\/a><\/p>\n","protected":false},"author":1,"featured_media":0,"parent":0,"menu_order":3,"comment_status":"open","ping_status":"open","template":"","meta":{"ngg_post_thumbnail":0,"footnotes":""},"class_list":["post-6","page","type-page","status-publish","hentry"],"_links":{"self":[{"href":"http:\/\/lesnydworek.korzybie.pl\/de\/wp-json\/wp\/v2\/pages\/6","targetHints":{"allow":["GET"]}}],"collection":[{"href":"http:\/\/lesnydworek.korzybie.pl\/de\/wp-json\/wp\/v2\/pages"}],"about":[{"href":"http:\/\/lesnydworek.korzybie.pl\/de\/wp-json\/wp\/v2\/types\/page"}],"author":[{"embeddable":true,"href":"http:\/\/lesnydworek.korzybie.pl\/de\/wp-json\/wp\/v2\/users\/1"}],"replies":[{"embeddable":true,"href":"http:\/\/lesnydworek.korzybie.pl\/de\/wp-json\/wp\/v2\/comments?post=6"}],"version-history":[{"count":13,"href":"http:\/\/lesnydworek.korzybie.pl\/de\/wp-json\/wp\/v2\/pages\/6\/revisions"}],"predecessor-version":[{"id":148,"href":"http:\/\/lesnydworek.korzybie.pl\/de\/wp-json\/wp\/v2\/pages\/6\/revisions\/148"}],"wp:attachment":[{"href":"http:\/\/lesnydworek.korzybie.pl\/de\/wp-json\/wp\/v2\/media?parent=6"}],"curies":[{"name":"wp","href":"https:\/\/api.w.org\/{rel}","templated":true}]}}