{"id":4,"date":"2012-05-16T20:10:11","date_gmt":"2012-05-16T20:10:11","guid":{"rendered":"http:\/\/lesnydworek.korzybie.pl\/?page_id=4"},"modified":"2012-05-22T17:09:17","modified_gmt":"2012-05-22T15:09:17","slug":"oferta","status":"publish","type":"page","link":"http:\/\/lesnydworek.korzybie.pl\/de\/oferta\/","title":{"rendered":"Angebot"},"content":{"rendered":"<p>Die Pension befindet sich direkt neben der Gastgeber Haus direkt am See mit einem gro\u00dfen Sandstrand von einem Rettungsschwimmer, durch Obstg\u00e4rten und W\u00e4lder am Rande grzybnych Korzybie Stadt umgeben bewacht befindet. Neben dem See direkt neben den Apartments ist das Gebiet durch eine gro\u00dfe Anzahl von Seen innerhalb von wenigen Kilometern, die durch vielf\u00e4ltige Radwege erreicht werden k\u00f6nnen, wandern aus. Die Gastgeber bieten den G\u00e4sten Fahrr\u00e4der. Urlauber k\u00f6nnen Ihre Zeit gut verbringen auf dem See angeln und Fischzuchtteiche. Angezogen von der Reichtum der umliegenden Unterholz. Ankommende G\u00e4ste k\u00f6nnen sich organisieren ein Barbecue oder Kamin im Freien, bei schlechtem Wetter k\u00f6nnen sie grillen im Pavillon gebaut.<\/p>\n<p>Das Hotel hat 5 Zimmer verf\u00fcgen alle \u00fcber separate B\u00e4der, von denen jeder Zugang zu Satelliten-TV ist. G\u00e4ste k\u00f6nnen Mahlzeiten von der Gastgeberin zubereitet, kann auch kochen ihre eigenen Mahlzeiten in der entwickelten Kochecke (Gasherd, K\u00fchlschrank, elektrischer Wasserkocher)-nur f\u00fcr die G\u00e4ste.<\/p>\n<p>Das G\u00e4stehaus ist m\u00f6glich, Honig aus der Imkerei und der Nachbarschaft Pflanzen von heimischen Bauern zu kaufen.<\/p>\n<p>Im Sommer ist der Strand \u00f6ffnen zwei Bars, wo man Eis, S\u00fc\u00dfigkeiten, Fast-Food-warme Mahlzeiten und alkoholische Getr\u00e4nke kaufen k\u00f6nnen. Sommer in Korzybiu f\u00f6rdert Veranstaltungen am See. Feste werden hier gefeiert, mit einem Orchester zu spielen, eine Disco f\u00fcr Jugendliche.<\/p>\n<p>Pension ist nur 40 km vom Meer, auf Entfernung von 30 km Slupsk. Mit Sehensw\u00fcrdigkeiten in der Umgebung einen Besuch wert Sites Bismarca in einem Umfeld, das ein interessanter Park mit beispielloser Pflanzenarten durch die Mitarbeiter und Studenten technischer Leitung des Waldes erhalten bleibt. Es sollte in den Wasserpark zu gehen ist 45 km entfernt.<\/p>\n<p>Die Gastgeber laden alle Interessierten in entspannter, privater Atmosph\u00e4re und nat\u00fcrlicher Umgebung f\u00fcr Ihren Urlaub.<\/p>\n<p>Gro\u00dfe, saubere Luft, Mangel an Industrie, heimelige Atmosph\u00e4re, Ruhe und umliegende Natur ist wahrscheinlich genug, um in Versuchung, an dieser Stelle ruhen werden.<\/p>\n<p><strong>Herzlich Willkommen!<\/strong><\/p>\n<p>Warum kommen Sie zu uns:<\/p>\n<ul>\n<li> &#8211; gute Angelm\u00f6glichkeiten in den nahe gelegenen See und die Fischzuchtteiche, <\/ li>\n<li> &#8211; k\u00f6nnen Sie Fahrr\u00e4der mieten und aktiver Freizeitgestaltung, <\/ li>\n<li> &#8211; Grillen an der frischen Luft bei schlechtem Wetter in einem \u00fcberdachten Pavillon, <\/ li>\n<li> &#8211; macht Pilz, <\/ li>\n<li> &#8211; die M\u00f6glichkeit, Schwimmen und Sonnenbaden am Sandstrand 100 m entfernt, <\/ li>\n<li> &#8211; die Gelegenheit, Honig <\/ li> kaufen\n<li> -. Ruhe in der Natur <\/ li><br \/>\n<\/ ul><\/p>","protected":false},"excerpt":{"rendered":"<p>Die Pension befindet sich direkt neben der Gastgeber Haus direkt am See mit einem gro\u00dfen Sandstrand von einem Rettungsschwimmer, durch Obstg\u00e4rten und W\u00e4lder am Rande grzybnych Korzybie Stadt umgeben bewacht befindet. Neben dem See direkt neben den Apartments ist das Gebiet durch eine gro\u00dfe Anzahl von Seen innerhalb von wenigen Kilometern, <a class=\"czytaj_dalej\" href=\"http:\/\/lesnydworek.korzybie.pl\/de\/oferta\/\">Continue reading <span class=\"meta-nav\">&rarr;<\/span><\/a><\/p>\n","protected":false},"author":1,"featured_media":0,"parent":0,"menu_order":2,"comment_status":"open","ping_status":"open","template":"","meta":{"ngg_post_thumbnail":0,"footnotes":""},"class_list":["post-4","page","type-page","status-publish","hentry"],"_links":{"self":[{"href":"http:\/\/lesnydworek.korzybie.pl\/de\/wp-json\/wp\/v2\/pages\/4","targetHints":{"allow":["GET"]}}],"collection":[{"href":"http:\/\/lesnydworek.korzybie.pl\/de\/wp-json\/wp\/v2\/pages"}],"about":[{"href":"http:\/\/lesnydworek.korzybie.pl\/de\/wp-json\/wp\/v2\/types\/page"}],"author":[{"embeddable":true,"href":"http:\/\/lesnydworek.korzybie.pl\/de\/wp-json\/wp\/v2\/users\/1"}],"replies":[{"embeddable":true,"href":"http:\/\/lesnydworek.korzybie.pl\/de\/wp-json\/wp\/v2\/comments?post=4"}],"version-history":[{"count":28,"href":"http:\/\/lesnydworek.korzybie.pl\/de\/wp-json\/wp\/v2\/pages\/4\/revisions"}],"predecessor-version":[{"id":114,"href":"http:\/\/lesnydworek.korzybie.pl\/de\/wp-json\/wp\/v2\/pages\/4\/revisions\/114"}],"wp:attachment":[{"href":"http:\/\/lesnydworek.korzybie.pl\/de\/wp-json\/wp\/v2\/media?parent=4"}],"curies":[{"name":"wp","href":"https:\/\/api.w.org\/{rel}","templated":true}]}}